{"id":11,"date":"2011-07-24T22:51:16","date_gmt":"2011-07-24T20:51:16","guid":{"rendered":"http:\/\/www.findelmundo.de\/wp\/?page_id=11"},"modified":"2018-08-20T23:25:34","modified_gmt":"2018-08-20T21:25:34","slug":"literatur","status":"publish","type":"page","link":"https:\/\/www.findelmundo.de\/wp\/ymca\/literatur\/","title":{"rendered":"Literatur"},"content":{"rendered":"<p>Zur Vorbereitung haben wir uns mit einem riesigen Stapel an B\u00fcchern eingedeckt. Darunter sind einige Motorradreiseberichte, Reisef\u00fchrer wie ganz klassisch der Lonely Planet und auch Karten zum Planen. Hier zeigen wir euch, was wir gut finden und was im Laden besser aufgehoben w\u00e4re als in unserem B\u00fccherregal.<\/p>\n<p><a class=\"bookwall\" href=\"#kallinna\"><img loading=\"lazy\" decoding=\"async\" title=\"Kirsten Kalinna: Suerte - 8 Monate auf Motorr\u00e4dern durch S\u00fcdamerika\" src=\"http:\/\/www.findelmundo.de\/wp\/wp-content\/uploads\/2011\/07\/DSC_8745.jpg\" alt=\"\" width=\"79\" height=\"120\" \/><\/a><a class=\"bookwall\" href=\"#riddering\"><img loading=\"lazy\" decoding=\"async\" title=\"Rainer Riddering: Mit dem Motorrad durch S\u00fcdamerika\" src=\"http:\/\/www.findelmundo.de\/wp\/wp-content\/uploads\/2011\/12\/DSC_8744.jpg\" alt=\"\" width=\"77\" height=\"120\" \/><\/a><a class=\"bookwall\" href=\"#thiele\"><img loading=\"lazy\" decoding=\"async\" title=\"Christian Thiele: Gebrauchsanweisung f\u00fcr Argentinien\" src=\"http:\/\/www.findelmundo.de\/wp\/wp-content\/uploads\/2011\/07\/DSC_8746.jpg\" alt=\"\" width=\"73\" height=\"120\" \/><\/a><a class=\"bookwall\" href=\"#rohrbach\"><img loading=\"lazy\" decoding=\"async\" title=\"Carmen Rohrbach: Patagonien - Von Horizont zu Horizont\" src=\"http:\/\/www.findelmundo.de\/wp\/wp-content\/uploads\/2011\/07\/DSC_8758.jpg\" alt=\"\" width=\"76\" height=\"120\" \/><\/a><a class=\"bookwall\" href=\"#heeb_hanta\"><img loading=\"lazy\" decoding=\"async\" title=\"Heeb\/Hanta: Reise durch Argentinien\" src=\"http:\/\/www.findelmundo.de\/wp\/wp-content\/uploads\/2011\/12\/DSC_8767.jpg\" alt=\"\" width=\"95\" height=\"120\" \/><\/a><a class=\"bookwall\" href=\"#raach_schwikart\"><img loading=\"lazy\" decoding=\"async\" title=\"Raach\/Schwikart: Reise durch Chile\" src=\"http:\/\/www.findelmundo.de\/wp\/wp-content\/uploads\/2011\/12\/DSC_8768.jpg\" alt=\"\" width=\"94\" height=\"120\" \/><\/a><a class=\"bookwall\" href=\"#baedeker\"><img loading=\"lazy\" decoding=\"async\" title=\"Baedecker: Argentinien\" src=\"http:\/\/www.findelmundo.de\/wp\/wp-content\/uploads\/2011\/07\/DSC_8750.jpg\" alt=\"\" width=\"77\" height=\"120\" \/><\/a><a class=\"bookwall\" href=\"#iwanowski-chile\"><img loading=\"lazy\" decoding=\"async\" title=\"Iwanowski's: Chile mit Osterinsel\" src=\"http:\/\/www.findelmundo.de\/wp\/wp-content\/uploads\/2011\/07\/DSC_8749.jpg\" alt=\"\" width=\"82\" height=\"120\" \/><\/a><a class=\"bookwall\" href=\"#lonely-ar\"><img loading=\"lazy\" decoding=\"async\" title=\"Lonely Planet: Argentinien\" src=\"http:\/\/www.findelmundo.de\/wp\/wp-content\/uploads\/2011\/07\/DSC_8747.jpg\" alt=\"\" width=\"75\" height=\"120\" \/><\/a><a class=\"bookwall\" href=\"#lonely-cl\"><img loading=\"lazy\" decoding=\"async\" title=\"Lonely Planet: Chile &amp; Osterinsel\" src=\"http:\/\/www.findelmundo.de\/wp\/wp-content\/uploads\/2011\/07\/DSC_8748.jpg\" alt=\"\" width=\"76\" height=\"120\" \/><\/a><a class=\"bookwall\" href=\"#demel\"><img loading=\"lazy\" decoding=\"async\" title=\"Klaus Demel: Das Handbuch f\u00fcr Motorradreisen\" src=\"http:\/\/www.findelmundo.de\/wp\/wp-content\/uploads\/2011\/07\/DSC_8743.jpg\" alt=\"\" width=\"83\" height=\"120\" \/><\/a><a class=\"bookwall\" href=\"#nepomuck\"><img loading=\"lazy\" decoding=\"async\" title=\"Bernd L. Nepomuck: Das Schrauberhandbuch\" src=\"http:\/\/www.findelmundo.de\/wp\/wp-content\/uploads\/2011\/07\/DSC_8751.jpg\" alt=\"\" width=\"83\" height=\"120\" \/><\/a><a class=\"bookwall\" href=\"#eisele\"><img loading=\"lazy\" decoding=\"async\" title=\"Reinhard Eisele: Reisefotografie\" src=\"http:\/\/www.findelmundo.de\/wp\/wp-content\/uploads\/2011\/07\/DSC_8752.jpg\" alt=\"\" width=\"92\" height=\"120\" \/><\/a><a class=\"bookwall\" href=\"#map-ar\"><img loading=\"lazy\" decoding=\"async\" title=\"Reise Know-How: Karte Argentinien\" src=\"http:\/\/www.findelmundo.de\/wp\/wp-content\/uploads\/2011\/07\/DSC_8757.jpg\" alt=\"\" width=\"52\" height=\"120\" \/><\/a><a class=\"bookwall\" href=\"#map-cl\"><img loading=\"lazy\" decoding=\"async\" title=\"Reise Know-How: Karte Chile\" src=\"http:\/\/www.findelmundo.de\/wp\/wp-content\/uploads\/2011\/07\/DSC_8756.jpg\" alt=\"\" width=\"52\" height=\"120\" \/><\/a><\/p>\n<h1>Die Unverzichtbaren<\/h1>\n<p>Die folgenden B\u00fccher sollten bei einer Reiseplanung f\u00fcr Argentinien und Chile auf keinen Fall fehlen:<\/p>\n<p><!-- Demel: Handbuch f\u00fcr Motorradreisen --><a class=\"alignright\" href=\"http:\/\/www.amazon.de\/gp\/product\/3613023997\/ref=as_li_ss_il?ie=UTF8&amp;tag=findelmundo-21&amp;linkCode=as2&amp;camp=1638&amp;creative=19454&amp;creativeASIN=3613023997\"><img loading=\"lazy\" decoding=\"async\" class=\"shadow\" title=\"Klaus Demel: Das Handbuch f\u00fcr Motorradreisen\" src=\"http:\/\/www.findelmundo.de\/wp\/wp-content\/uploads\/2011\/07\/DSC_8743.jpg\" alt=\"\" width=\"83\" height=\"120\" \/><\/a><\/p>\n<h2 id=\"demel\">Das Handbuch f\u00fcr Motorradreisen [5\u00a0Sterne]<\/h2>\n<p>Hier kommt das Highlight. Das ist die Pflichtlekt\u00fcre, die nicht nur ungemein n\u00fctzlich ist sondern auch wahnsinnig unterhaltsam. Nicht vom Cover t\u00e4uschen lassen &#8211; Klaus Demel ist Weltreisender und hat schon alles erlebt, womit man rechnen kann und vieles dar\u00fcber hinaus.<\/p>\n<p>Hier taucht man ein in den Erfahrungsschatz des Profis, der aus dem N\u00e4hk\u00e4stchen plaudert. F\u00fcr jede Reisefrage findet man hier die Antwort, ohne dabei belehrt zu werden. Wenn es nicht nur die eine richtige Antwort gibt, besticht Demel mit einfachen Argumenten und der Leser kann sofort seine eigene Entscheidung treffen. Demel verliert sich nie in Details sondern bleibt pragmatisch. Im Buch geht es immer voran, wird nie langweilig &#8211; und es macht unheimlich Spa\u00df, es zu lesen.<\/p>\n<p>Gespickt mit vielen Anekdoten wei\u00df man gar nicht was mehr wiegt: der praktische Nutzen oder der Unterhaltungswert. Ein Muss f\u00fcr Erstt\u00e4ter. Kaufen!<\/p>\n<p><a href=\"http:\/\/www.amazon.de\/gp\/product\/3613023997\/ref=as_li_ss_il?ie=UTF8&amp;tag=findelmundo-21&amp;linkCode=as2&amp;camp=1638&amp;creative=19454&amp;creativeASIN=3613023997\">Klaus Demel, 200 Seiten, EUR 9,95 <img decoding=\"async\" class=\"alignmiddle noshadow\" src=\"\/img\/buy-from-amazon.gif\" alt=\"\" \/><\/a><\/p>\n<p><!-- Karten von Reise-Know-How --><a class=\"alignright\" href=\"http:\/\/www.amazon.de\/gp\/product\/3831771545\/ref=as_li_ss_il?ie=UTF8&amp;tag=findelmundo-21&amp;linkCode=as2&amp;camp=1638&amp;creative=19454&amp;creativeASIN=3831771545\"><img loading=\"lazy\" decoding=\"async\" class=\"shadow\" title=\"Reise Know-How: Karte Argentinien\" src=\"http:\/\/www.findelmundo.de\/wp\/wp-content\/uploads\/2011\/07\/DSC_8757.jpg\" alt=\"\" width=\"52\" height=\"120\" \/><\/a><a class=\"alignright\" href=\"http:\/\/www.amazon.de\/gp\/product\/3831771162\/ref=as_li_ss_il?ie=UTF8&amp;tag=findelmundo-21&amp;linkCode=as2&amp;camp=1638&amp;creative=19454&amp;creativeASIN=3831771162\"><img loading=\"lazy\" decoding=\"async\" class=\"shadow\" title=\"Reise Know-How: Karte Chile\" src=\"http:\/\/www.findelmundo.de\/wp\/wp-content\/uploads\/2011\/07\/DSC_8756.jpg\" alt=\"\" width=\"52\" height=\"120\" \/><\/a><\/p>\n<h2>Karten von Reise Know-How &#8211; &#8222;World Mapping Project&#8220; [5 Sterne]<\/h2>\n<p>Beide Karten haben eine gut gew\u00e4hlte Aufl\u00f6sung: Sie sind klein genug, um den \u00dcberblick zu behalten, aber so gro\u00df, dass auch der kleinste Grenz\u00fcbergang darauf zu finden ist. Alle Nationalparks und jede Menge Sehensw\u00fcrdigkeiten sind abgebildet. An der Darstellung einer Stra\u00dfe erkennt man auch ob diese asphaltiert ist oder nicht. Perfekt zum Planen!<\/p>\n<p>Argentinien 1 : 2&#8217;000&#8217;000: <a href=\"http:\/\/www.amazon.de\/gp\/product\/3831771545\/ref=as_li_ss_il?ie=UTF8&amp;tag=findelmundo-21&amp;linkCode=as2&amp;camp=1638&amp;creative=19454&amp;creativeASIN=3831771545\">Reise Know-how, EUR 8,90 <img decoding=\"async\" class=\"alignmiddle noshadow\" src=\"\/img\/buy-from-amazon.gif\" alt=\"\" \/><\/a><\/p>\n<p>Chile 1 : 1&#8217;600&#8217;000: <a href=\"http:\/\/www.amazon.de\/gp\/product\/3831771162\/ref=as_li_ss_il?ie=UTF8&amp;tag=findelmundo-21&amp;linkCode=as2&amp;camp=1638&amp;creative=19454&amp;creativeASIN=3831771162\">Reise Know-how, EUR 8,90 <img decoding=\"async\" class=\"alignmiddle noshadow\" src=\"\/img\/buy-from-amazon.gif\" alt=\"\" \/><\/a><\/p>\n<p><!-- Rohrbach: Patagonien --><a class=\"alignright\" href=\"http:\/\/www.amazon.de\/gp\/product\/3890297420\/ref=as_li_ss_il?ie=UTF8&amp;tag=findelmundo-21&amp;linkCode=as2&amp;camp=1638&amp;creative=19454&amp;creativeASIN=3890297420\"><img loading=\"lazy\" decoding=\"async\" class=\"shadow\" title=\"Carmen Rohrbach: Patagonien - Von Horizont zu Horizont\" src=\"http:\/\/www.findelmundo.de\/wp\/wp-content\/uploads\/2011\/07\/DSC_8758.jpg\" alt=\"\" width=\"76\" height=\"120\" \/><\/a><\/p>\n<h2 id=\"rohrbach\">Patagonien &#8211; Von Horizont zu Horizont<\/h2>\n<p><em>Liest Yaron gerade.<\/em><\/p>\n<p>&nbsp;<\/p>\n<div><a href=\"http:\/\/www.amazon.de\/gp\/product\/3890297420\/ref=as_li_ss_il?ie=UTF8&amp;tag=findelmundo-21&amp;linkCode=as2&amp;camp=1638&amp;creative=19454&amp;creativeASIN=3890297420\">Carmen Rohrbach, 248 Seiten, EUR 19,90 <img decoding=\"async\" class=\"alignmiddle noshadow\" src=\"\/img\/buy-from-amazon.gif\" alt=\"\" \/><\/a><\/div>\n<p>&nbsp;<\/p>\n<p><!-- Kalinna: Suerte --><a class=\"alignright\" href=\"http:\/\/www.amazon.de\/gp\/product\/3896623664\/ref=as_li_ss_il?ie=UTF8&amp;tag=findelmundo-21&amp;linkCode=as2&amp;camp=1638&amp;creative=19454&amp;creativeASIN=3896623664\"><img loading=\"lazy\" decoding=\"async\" class=\"shadow\" title=\"Kirsten Kalinna: Suerte - 8 Monate auf Motorr\u00e4dern durch S\u00fcdamerika\" src=\"http:\/\/www.findelmundo.de\/wp\/wp-content\/uploads\/2011\/07\/DSC_8745.jpg\" alt=\"\" width=\"79\" height=\"120\" \/><\/a><\/p>\n<h2 id=\"kallinna\">Suerte &#8211; 8 Monate auf Motorr\u00e4dern durch S\u00fcdamerika [4\u00a0Sterne]<\/h2>\n<p>Eine Motorradreise erz\u00e4hlt wie von einer guten Bekannten. Kirsten Kallinna findet nicht unbedingt die st\u00e4rksten Worte und erzeugt auch keine unheimlich dichte Atmosph\u00e4re. Doch sie erz\u00e4hlt ihre Erlebnisse authentisch und pers\u00f6nlich. Die St\u00e4rke des Buches ist seine Glaubw\u00fcrdigkeit. Der Leser erlebt alle H\u00f6hen und Tiefen mit und sp\u00fcrt, was die Faszination einer solchen Reise ausmacht. Zum Reinschnuppern f\u00fcr alle, die herausfinden wollen, ob so eine Reise etwas f\u00fcr sie ist.<\/p>\n<p><a href=\"http:\/\/www.amazon.de\/gp\/product\/3896623664\/ref=as_li_ss_il?ie=UTF8&amp;tag=findelmundo-21&amp;linkCode=as2&amp;camp=1638&amp;creative=19454&amp;creativeASIN=3896623664\">Kirsten Kallinna, 203 Seiten, EUR 17,50 <img decoding=\"async\" class=\"alignmiddle noshadow\" src=\"\/img\/buy-from-amazon.gif\" alt=\"\" \/><\/a><\/p>\n<h1>Reisef\u00fchrer<\/h1>\n<p><!-- Baedecker: Argentinien --><a class=\"alignright\" href=\"http:\/\/www.amazon.de\/gp\/product\/3829711840\/ref=as_li_ss_il?ie=UTF8&amp;tag=findelmundo-21&amp;linkCode=as2&amp;camp=1638&amp;creative=19454&amp;creativeASIN=3829711840\"><img loading=\"lazy\" decoding=\"async\" class=\"shadow\" title=\"Baedecker: Argentinien\" src=\"http:\/\/www.findelmundo.de\/wp\/wp-content\/uploads\/2011\/07\/DSC_8750.jpg\" alt=\"\" width=\"77\" height=\"120\" \/><\/a><\/p>\n<h2 id=\"baedeker\">Baedeker: Argentinien<\/h2>\n<p>&nbsp;<\/p>\n<p><em>Noch nicht gelesen.<\/em><\/p>\n<p>&nbsp;<\/p>\n<p><a href=\"http:\/\/www.amazon.de\/gp\/product\/3829711840\/ref=as_li_ss_il?ie=UTF8&amp;tag=findelmundo-21&amp;linkCode=as2&amp;camp=1638&amp;creative=19454&amp;creativeASIN=3829711840\">500 Seiten, EUR 25,95 <img decoding=\"async\" class=\"alignmiddle noshadow\" src=\"\/img\/buy-from-amazon.gif\" alt=\"\" \/><\/a><\/p>\n<p><!-- Iwanowski: Chile --><a class=\"alignright\" href=\"http:\/\/www.amazon.de\/gp\/product\/3933041503\/ref=as_li_ss_il?ie=UTF8&amp;tag=findelmundo-21&amp;linkCode=as2&amp;camp=1638&amp;creative=19454&amp;creativeASIN=3933041503\"><img loading=\"lazy\" decoding=\"async\" class=\"shadow\" title=\"Iwanowski's: Chile mit Osterinsel\" src=\"http:\/\/www.findelmundo.de\/wp\/wp-content\/uploads\/2011\/07\/DSC_8749.jpg\" alt=\"\" width=\"82\" height=\"120\" \/><\/a><\/p>\n<h2 id=\"iwanowski-chile\">Iwanowski&#8217;s: Chile mit Osterinsel<\/h2>\n<p>&nbsp;<\/p>\n<p><em>Noch nicht gelesen.<\/em><\/p>\n<p>&nbsp;<\/p>\n<p><a href=\"http:\/\/www.amazon.de\/gp\/product\/3933041503\/ref=as_li_ss_il?ie=UTF8&amp;tag=findelmundo-21&amp;linkCode=as2&amp;camp=1638&amp;creative=19454&amp;creativeASIN=3933041503\">Ortrun C. H\u00f6rtreiter, 650 Seiten, EUR 25,95 <img decoding=\"async\" class=\"alignmiddle noshadow\" src=\"\/img\/buy-from-amazon.gif\" alt=\"\" \/><\/a><\/p>\n<p><!-- LP: Argentinien\/Chile --><a class=\"alignright\" href=\"http:\/\/www.amazon.de\/gp\/product\/3829722125\/ref=as_li_ss_il?ie=UTF8&amp;tag=findelmundo-21&amp;linkCode=as2&amp;camp=1638&amp;creative=19454&amp;creativeASIN=3829722125\"><img loading=\"lazy\" decoding=\"async\" class=\"shadow\" title=\"Lonely Planet: Argentinien\" src=\"http:\/\/www.findelmundo.de\/wp\/wp-content\/uploads\/2011\/07\/DSC_8747.jpg\" alt=\"\" width=\"75\" height=\"120\" \/><\/a><a class=\"alignright\" href=\"http:\/\/www.amazon.de\/gp\/product\/3829716486\/ref=as_li_ss_il?ie=UTF8&amp;tag=findelmundo-21&amp;linkCode=as2&amp;camp=1638&amp;creative=19454&amp;creativeASIN=3829716486\"><img loading=\"lazy\" decoding=\"async\" class=\"shadow\" title=\"Lonely Planet: Chile &amp; Osterinsel\" src=\"http:\/\/www.findelmundo.de\/wp\/wp-content\/uploads\/2011\/07\/DSC_8748.jpg\" alt=\"\" width=\"76\" height=\"120\" \/><\/a><\/p>\n<h2>Lonely Planet Argentinien \/ Chile &amp; Osterinsel<\/h2>\n<p>&nbsp;<\/p>\n<p>Lonely Planet Argentinien: <a href=\"http:\/\/www.amazon.de\/gp\/product\/3829722125\/ref=as_li_ss_il?ie=UTF8&amp;tag=findelmundo-21&amp;linkCode=as2&amp;camp=1638&amp;creative=19454&amp;creativeASIN=3829722125\">738 Seiten, EUR 24,95 <img decoding=\"async\" class=\"alignmiddle noshadow\" src=\"\/img\/buy-from-amazon.gif\" alt=\"\" \/><\/a><\/p>\n<p>Lonely Planet Chile &amp; Osterinsel: <a href=\"http:\/\/www.amazon.de\/gp\/product\/3829716486\/ref=as_li_ss_il?ie=UTF8&amp;tag=findelmundo-21&amp;linkCode=as2&amp;camp=1638&amp;creative=19454&amp;creativeASIN=3829716486\">592 Seiten, EUR 24,95 <img decoding=\"async\" class=\"alignmiddle noshadow\" src=\"\/img\/buy-from-amazon.gif\" alt=\"\" \/><\/a><\/p>\n<p><a class=\"alignright\" href=\"http:\/\/www.amazon.de\/gp\/product\/3800340658\/ref=as_li_ss_il?ie=UTF8&amp;tag=findelmundo-21&amp;linkCode=as2&amp;camp=1638&amp;creative=19454&amp;creativeASIN=3800340658\"><img loading=\"lazy\" decoding=\"async\" class=\"shadow\" title=\"Heeb\/Hanta: Reise durch Argentinien\" src=\"http:\/\/www.findelmundo.de\/wp\/wp-content\/uploads\/2011\/12\/DSC_8767.jpg\" alt=\"\" width=\"95\" height=\"120\" \/><\/a><a class=\"alignright\" href=\"http:\/\/www.amazon.de\/gp\/product\/3800340666\/ref=as_li_ss_il?ie=UTF8&amp;tag=findelmundo-21&amp;linkCode=as2&amp;camp=1638&amp;creative=19454&amp;creativeASIN=3800340666\"><img loading=\"lazy\" decoding=\"async\" class=\"shadow\" title=\"Raach\/Schwikart: Reise durch Chile\" src=\"http:\/\/www.findelmundo.de\/wp\/wp-content\/uploads\/2011\/12\/DSC_8768.jpg\" alt=\"\" width=\"94\" height=\"120\" \/><\/a><\/p>\n<h1>Bildb\u00e4nde<\/h1>\n<p>&nbsp;<\/p>\n<p>Reise durch Argentinien: <a href=\"http:\/\/www.amazon.de\/gp\/product\/3800340658\/ref=as_li_ss_il?ie=UTF8&amp;tag=findelmundo-21&amp;linkCode=as2&amp;camp=1638&amp;creative=19454&amp;creativeASIN=3800340658\">Karin Hanta, Christian Heeb, 136 Seiten, EUR 16,95 <img decoding=\"async\" class=\"alignmiddle noshadow\" src=\"\/img\/buy-from-amazon.gif\" alt=\"\" \/><\/a><\/p>\n<p>Reise durch Chile: <a href=\"http:\/\/www.amazon.de\/gp\/product\/3800340666\/ref=as_li_ss_il?ie=UTF8&amp;tag=findelmundo-21&amp;linkCode=as2&amp;camp=1638&amp;creative=19454&amp;creativeASIN=3800340666\">Georg Schwikart, 140 Seiten, EUR 16,95 <img decoding=\"async\" class=\"alignmiddle noshadow\" src=\"\/img\/buy-from-amazon.gif\" alt=\"\" \/><\/a><\/p>\n<h1>Handb\u00fccher<\/h1>\n<p><!-- Nepomuck: Das Schrauberhandbuch --><a class=\"alignright\" href=\"http:\/\/www.amazon.de\/gp\/product\/376885230X\/ref=as_li_ss_il?ie=UTF8&amp;tag=findelmundo-21&amp;linkCode=as2&amp;camp=1638&amp;creative=19454&amp;creativeASIN=376885230X\"><img loading=\"lazy\" decoding=\"async\" class=\"shadow\" title=\"Bernd L. Nepomuck: Das Schrauberhandbuch\" src=\"http:\/\/www.findelmundo.de\/wp\/wp-content\/uploads\/2011\/07\/DSC_8751.jpg\" alt=\"\" width=\"83\" height=\"120\" \/><\/a><\/p>\n<h2 id=\"nepomuck\">Das Schrauberhandbuch. Technik, Wartung, Instandsetzung<\/h2>\n<p><em>Noch nicht gelesen.<\/em><\/p>\n<p>&nbsp;<\/p>\n<p><a href=\"http:\/\/www.amazon.de\/gp\/product\/376885230X\/ref=as_li_ss_il?ie=UTF8&amp;tag=findelmundo-21&amp;linkCode=as2&amp;camp=1638&amp;creative=19454&amp;creativeASIN=376885230X\">Bernd L. Nepomuck und Udo Janneck, 568 Seiten, EUR 24,90 <img decoding=\"async\" class=\"alignmiddle noshadow\" src=\"\/img\/buy-from-amazon.gif\" alt=\"\" \/><\/a><\/p>\n<h1>Weitere B\u00fccher<\/h1>\n<p><!-- Eisele: Reisefotografie --><a class=\"alignright\" href=\"http:\/\/www.amazon.de\/gp\/product\/3898645851\/ref=as_li_ss_il?ie=UTF8&amp;tag=findelmundo-21&amp;linkCode=as2&amp;camp=1638&amp;creative=19454&amp;creativeASIN=3898645851\"><img loading=\"lazy\" decoding=\"async\" class=\"shadow\" title=\"Reinhard Eisele: Reisefotografie\" src=\"http:\/\/www.findelmundo.de\/wp\/wp-content\/uploads\/2011\/07\/DSC_8752.jpg\" alt=\"\" width=\"92\" height=\"120\" \/><\/a><\/p>\n<h2 id=\"eisele\">Reisefotografie: Praxiswissen eines weit gereisten Profis [3\u00a0Sterne]<\/h2>\n<p>In der ersten H\u00e4lfte des Buches werden gerade einmal die einfachsten\u00a0Grundlagen erkl\u00e4rt:<\/p>\n<ul>\n<li>Basics zur Ausr\u00fcstung (Stativ ist wichtig, geladene Akkus auch, etc.)<\/li>\n<li>Basics zur Technik (zum Beispiel Blende und Sch\u00e4rfentiefe)<\/li>\n<li>Basics zur Bildgestaltung (Goldener Schnitt, Sch\u00e4rfe und Unsch\u00e4rfe, &#8230;)<\/li>\n<\/ul>\n<p>Dabei findet sich f\u00fcr die meisten Kamerabesitzer leider kaum Neues. Bis Mitte des\u00a0sechsten Kapitels wird man mit Binsenweisheiten genervt: Niemand kauft ein\u00a0Buch, um zu erfahren, dass eine h\u00f6here ISO-Zahl weniger Licht braucht, daf\u00fcr\u00a0das Bild vergrieselt ist.<\/p>\n<p>Viel spannender sind dagegen die Kapitel sechs bis acht. Hier sch\u00f6pft der\u00a0Autor aus seinem Erfahrungsschatz als Profi. In je einem Kapitel finden\u00a0sich Tips zu Landschaftsfotografie, St\u00e4dtefotografie und Portraits. Das geht los bei der einfachen, aber ungemein hilfreichen Erkenntnis, dass eine\u00a0Ostk\u00fcste abends vielleicht trostlos ist, morgens aber viele sonnendurchflutete Motive bietet.\u00a0Sp\u00e4ter lernt man, dass die Sonne auf Fotos kleiner und fester umrissen erscheint, je kleiner die Blenden\u00f6ffnung ist. Das sind Dinge, die man von\u00a0einem Profi lernen will!<\/p>\n<p>So hab ich mich zum Beispiel immer gefragt, wie die Profis Portraits von\u00a0Wildfremden bewerkstelligen. Benutzt der Fotograf unauff\u00e4llig ein\u00a0Teleobjektiv aus gro\u00dfer Entfernung? Der Autor sagt Nein, im Gegenteil: Viel bessere Fotos bekommt man, wenn man die Menschen einfach fragt. Selbst wenn\u00a0man deren Sprache nicht spricht, reicht es oft, sich mit H\u00e4nden und F\u00fc\u00dfen zu\u00a0verst\u00e4ndigen. Und wenn man sich dann ein bisschen sympathisch ist, freuen\u00a0sich die meisten sogar, fotografiert zu werden.<\/p>\n<h4>Fazit<\/h4>\n<p>Fotografieren wird hier als Arbeit beschrieben. Es wird immer wieder\u00a0betont, dass man viel Zeit und M\u00fche investieren muss, um zumindest einige\u00a0wenige, wirklich gute Fotos hinzubekommen. Wer sich auf Reisen aber nicht\u00a0zus\u00e4tzlich Zeit zum Fotografieren nehmen will und trotzdem bessere Fotos\u00a0schie\u00dfen m\u00f6chte, der bekommt nicht viel in diesem Buch. Ich h\u00e4tte mir mehr\u00a0Beispiele gew\u00fcnscht, die im Vergleich zeigen, wie man ein Motiv einfach nur\u00a0knipst und wie man es dagegen richtig gut einf\u00e4ngt.<\/p>\n<p>Auf ein paar Seiten\u00a0findet man aber auch handfeste Tips, die man beim n\u00e4chsten Foto einfach\u00a0umsetzen kann. Leider sind es nicht so viele, wie man es von einem &#8218;weit\u00a0gereisten Profi&#8216; erhofft.<\/p>\n<p><a href=\"http:\/\/www.amazon.de\/gp\/product\/3898645851\/ref=as_li_ss_il?ie=UTF8&amp;tag=findelmundo-21&amp;linkCode=as2&amp;camp=1638&amp;creative=19454&amp;creativeASIN=3898645851\">Reinhard Eisele, 160 Seiten, EUR 32,00 <img decoding=\"async\" class=\"alignmiddle noshadow\" src=\"\/img\/buy-from-amazon.gif\" alt=\"\" \/><\/a><\/p>\n<p><!-- Thiele: Gebrauchsanweisung f\u00fcr Argentinien --><a class=\"alignright\" href=\"http:\/\/www.amazon.de\/gp\/product\/3492275826\/ref=as_li_ss_il?ie=UTF8&amp;tag=findelmundo-21&amp;linkCode=as2&amp;camp=1638&amp;creative=19454&amp;creativeASIN=3492275826\"><img loading=\"lazy\" decoding=\"async\" class=\"shadow\" title=\"Christian Thiele: Gebrauchsanweisung f\u00fcr Argentinien\" src=\"http:\/\/www.findelmundo.de\/wp\/wp-content\/uploads\/2011\/07\/DSC_8746.jpg\" alt=\"\" width=\"73\" height=\"120\" \/><\/a><\/p>\n<h2 id=\"thiele\">Gebrauchsanweisung f\u00fcr Argentinien [2\u00a0Sterne]<\/h2>\n<p>Die deutschen M\u00e4nner lieben Fu\u00dfball und ihre Autos, und sie sind die perfekten Ingenieure. Immer wieder kommen sie mit einem neuen Patent f\u00fcr Kuckucksuhren nach Hause. Die deutschen Frauen kochen an solchen Tagen Schnitzel oder Bratwurst mit Sauerkraut. Alle w\u00fcnschen sich, dass endlich der Bohlen die Tagesschau moderiert und sind stolz darauf, dass ein Deutscher ideologisch \u00fcber fast ganz Europa herrscht, auch wenn er ohne Kampf einfach zum Papst ernannt wurde.<\/p>\n<p>So eine Vermengung von Popkultur und Stereotypen bekommt man bei Christian Thiele \u00fcber Argentinien serviert. Das Lesen soll ja Spa\u00df machen, da sollte man die Dinge nicht zu differenziert betrachten. Damit es aber nicht ganz so platt daherkommt, wird das alles noch mit ein paar Geschichtslektionen vermengt.<\/p>\n<p>Einen gewissen Unterhaltungswert kann man dem Buch aber nicht absprechen. Schreiben kann Thiele, und viel recherchiert zu haben scheint er auch. Vielleicht ist es auch nur durch starke Vereinfachung m\u00f6glich, ein ganzes Volk auf 200 Seiten zu beschreiben. Ob man den typischen Argentinier dadurch besser versteht, muss wohl jeder f\u00fcr sich entscheiden. Nicht vom Titel in die Irre f\u00fchren lassen: In der &#8222;Gebrauchsanweisung&#8220; geht es nur im die heutige Kultur. Im Buch findet sich kein einziger Reisetipp.<\/p>\n<p><a href=\"http:\/\/www.amazon.de\/gp\/product\/3492275826\/ref=as_li_ss_il?ie=UTF8&amp;tag=findelmundo-21&amp;linkCode=as2&amp;camp=1638&amp;creative=19454&amp;creativeASIN=3492275826\">Christian Thiele, 224 Seiten, EUR 14,95 <img decoding=\"async\" class=\"alignmiddle noshadow\" src=\"\/img\/buy-from-amazon.gif\" alt=\"\" \/><\/a><\/p>\n<p><!-- Riddering: Mit dem Motorrad durch S\u00fcdamerika --><a class=\"alignright\" href=\"http:\/\/www.amazon.de\/gp\/product\/3937274537\/ref=as_li_ss_il?ie=UTF8&amp;tag=findelmundo-21&amp;linkCode=as2&amp;camp=1638&amp;creative=19454&amp;creativeASIN=3937274537\"><img loading=\"lazy\" decoding=\"async\" class=\"shadow\" title=\"Rainer Riddering: Mit dem Motorrad durch S\u00fcdamerika\" src=\"http:\/\/www.findelmundo.de\/wp\/wp-content\/uploads\/2011\/12\/DSC_8744.jpg\" alt=\"\" width=\"77\" height=\"120\" \/><\/a><\/p>\n<h2 id=\"riddering\">Mit dem Motorrad durch S\u00fcdamerika [1\u00a0Stern]<\/h2>\n<p>Mit einer Menge Reiseerfahrung in Europa im Gep\u00e4ck aber auch drei Fahranf\u00e4ngern in den fr\u00fchen\/sp\u00e4ten 40ern im Schlepptau begibt sich Rainer Riddering auf die Reise. Ziel ist es, in acht Wochen m\u00f6glichst viel der vier L\u00e4nder Chile, Peru, Bolivien und Argentinien zu erkunden.<\/p>\n<p>Am ersten Tag passiert im Stadtverkehr schon den ersten Unfall und das ist nur ein Vorgeschmack darauf, was die \u00fcberm\u00fctige Truppe erwarten wird. H\u00f6henkrankheit, weitere Unf\u00e4lle und ein geplanter Tankstopp in einem nicht mehr existierenden Ort sorgen daf\u00fcr, dass aus dieser Reise auch wirklich ein Abenteuer wird. So wie es von Riddering beschrieben wird, h\u00e4tte man vieles davon leicht vermeiden k\u00f6nnen. Vielleicht h\u00e4tte man vorher mal ein Buch lesen sollen, um zu erfahren, was man alles falsch machen kann? Ich jedenfalls glaube hiermit genau so ein Buch gelesen zu haben. Und damit ist es schon fast wieder zu gebrauchen, oder? ;-)<\/p>\n<p><a href=\"http:\/\/www.amazon.de\/gp\/product\/3937274537\/ref=as_li_ss_il?ie=UTF8&amp;tag=findelmundo-21&amp;linkCode=as2&amp;camp=1638&amp;creative=19454&amp;creativeASIN=3937274537\">Rainer Riddering, 120 Seiten, EUR 12,80 <img decoding=\"async\" class=\"alignmiddle noshadow\" src=\"\/img\/buy-from-amazon.gif\" alt=\"\" \/><\/a><\/p>\n","protected":false},"excerpt":{"rendered":"<p>Zur Vorbereitung haben wir uns mit einem riesigen Stapel an B\u00fcchern eingedeckt. Darunter sind einige Motorradreiseberichte, Reisef\u00fchrer wie ganz klassisch der Lonely Planet und auch Karten zum Planen. Hier zeigen wir euch, was wir gut finden und was im Laden besser aufgehoben w\u00e4re als in unserem B\u00fccherregal. Die Unverzichtbaren Die folgenden B\u00fccher sollten bei einer &#8230;<\/p>\n","protected":false},"author":1,"featured_media":0,"parent":1537,"menu_order":0,"comment_status":"closed","ping_status":"closed","template":"","meta":{"ngg_post_thumbnail":0,"jetpack_post_was_ever_published":false,"footnotes":""},"class_list":["post-11","page","type-page","status-publish","hentry"],"jetpack_sharing_enabled":true,"_links":{"self":[{"href":"https:\/\/www.findelmundo.de\/wp\/wp-json\/wp\/v2\/pages\/11","targetHints":{"allow":["GET"]}}],"collection":[{"href":"https:\/\/www.findelmundo.de\/wp\/wp-json\/wp\/v2\/pages"}],"about":[{"href":"https:\/\/www.findelmundo.de\/wp\/wp-json\/wp\/v2\/types\/page"}],"author":[{"embeddable":true,"href":"https:\/\/www.findelmundo.de\/wp\/wp-json\/wp\/v2\/users\/1"}],"replies":[{"embeddable":true,"href":"https:\/\/www.findelmundo.de\/wp\/wp-json\/wp\/v2\/comments?post=11"}],"version-history":[{"count":177,"href":"https:\/\/www.findelmundo.de\/wp\/wp-json\/wp\/v2\/pages\/11\/revisions"}],"predecessor-version":[{"id":1507,"href":"https:\/\/www.findelmundo.de\/wp\/wp-json\/wp\/v2\/pages\/11\/revisions\/1507"}],"up":[{"embeddable":true,"href":"https:\/\/www.findelmundo.de\/wp\/wp-json\/wp\/v2\/pages\/1537"}],"wp:attachment":[{"href":"https:\/\/www.findelmundo.de\/wp\/wp-json\/wp\/v2\/media?parent=11"}],"curies":[{"name":"wp","href":"https:\/\/api.w.org\/{rel}","templated":true}]}}